{"id":692,"date":"2025-02-19T18:25:27","date_gmt":"2025-02-19T18:25:27","guid":{"rendered":"https:\/\/demo.snapturizm.com.tr\/?page_id=692"},"modified":"2025-04-07T01:49:57","modified_gmt":"2025-04-06T22:49:57","slug":"reservation","status":"publish","type":"page","link":"https:\/\/routehotelkaleici.com\/en\/reservation\/","title":{"rendered":"Reservation"},"content":{"rendered":"<p>[et_pb_section fb_built=&#8221;1&#8243; custom_padding_last_edited=&#8221;on|desktop&#8221; _builder_version=&#8221;4.27.4&#8243; _module_preset=&#8221;default&#8221; background_color=&#8221;#1e311e&#8221; custom_padding=&#8221;0px||0px||true|false&#8221; custom_padding_tablet=&#8221;0px||0px||true|false&#8221; custom_padding_phone=&#8221;0px||0px||true|false&#8221; global_colors_info=&#8221;{}&#8221;][et_pb_row custom_padding_last_edited=&#8221;on|desktop&#8221; _builder_version=&#8221;4.27.4&#8243; _module_preset=&#8221;default&#8221; custom_padding=&#8221;13vw||||false|false&#8221; custom_padding_tablet=&#8221;24vw||||false|false&#8221; custom_padding_phone=&#8221;32vw||||false|false&#8221; global_colors_info=&#8221;{}&#8221;][et_pb_column type=&#8221;4_4&#8243; _builder_version=&#8221;4.27.4&#8243; _module_preset=&#8221;default&#8221; global_colors_info=&#8221;{}&#8221;][et_pb_text _builder_version=&#8221;4.27.4&#8243; _module_preset=&#8221;default&#8221; text_font=&#8221;Syne|||on|||||&#8221; text_text_color=&#8221;#eef7ed&#8221; text_font_size=&#8221;13px&#8221; text_letter_spacing=&#8221;5px&#8221; text_orientation=&#8221;center&#8221; custom_margin=&#8221;0px||0px||true|false&#8221; custom_margin_tablet=&#8221;0px||0px||true|false&#8221; custom_margin_phone=&#8221;0px||0px||true|false&#8221; custom_margin_last_edited=&#8221;on|desktop&#8221; custom_padding=&#8221;0px||5px||false|false&#8221; custom_padding_tablet=&#8221;0px||5px||false|false&#8221; custom_padding_phone=&#8221;0px||5px||false|false&#8221; custom_padding_last_edited=&#8221;on|desktop&#8221; hover_enabled=&#8221;0&#8243; text_font_size_tablet=&#8221;13px&#8221; text_font_size_phone=&#8221;13px&#8221; text_font_size_last_edited=&#8221;on|desktop&#8221; text_orientation_tablet=&#8221;center&#8221; text_orientation_phone=&#8221;center&#8221; text_orientation_last_edited=&#8221;on|desktop&#8221; locked=&#8221;off&#8221; global_colors_info=&#8221;{}&#8221; text_font_size__hover_enabled=&#8221;off|desktop&#8221; sticky_enabled=&#8221;0&#8243;]<\/p>\n<p><span>ROUTE HOTEL KALE\u0130\u00c7\u0130<\/span><\/p>\n<p>[\/et_pb_text][et_pb_heading title=&#8221;Reservation&#8221; _builder_version=&#8221;4.27.4&#8243; _module_preset=&#8221;default&#8221; title_font=&#8221;Lora||||||||&#8221; title_text_align=&#8221;center&#8221; title_text_color=&#8221;#eef7ed&#8221; title_text_align_tablet=&#8221;center&#8221; title_text_align_phone=&#8221;center&#8221; title_text_align_last_edited=&#8221;on|phone&#8221; title_font_size_tablet=&#8221;&#8221; title_font_size_phone=&#8221;35px&#8221; title_font_size_last_edited=&#8221;on|phone&#8221; global_colors_info=&#8221;{}&#8221;][\/et_pb_heading][\/et_pb_column][\/et_pb_row][\/et_pb_section][et_pb_section fb_built=&#8221;1&#8243; custom_padding_last_edited=&#8221;on|desktop&#8221; _builder_version=&#8221;4.27.4&#8243; _module_preset=&#8221;default&#8221; background_color=&#8221;#eef7ed&#8221; background_enable_image=&#8221;off&#8221; background_size=&#8221;initial&#8221; background_repeat=&#8221;repeat&#8221; custom_padding=&#8221;90px||150px||false|false&#8221; custom_padding_tablet=&#8221;80px||80px||true|false&#8221; custom_padding_phone=&#8221;50px||50px||true|false&#8221; global_colors_info=&#8221;{}&#8221;][et_pb_row custom_padding_last_edited=&#8221;on|phone&#8221; _builder_version=&#8221;4.27.4&#8243; _module_preset=&#8221;default&#8221; width_tablet=&#8221;&#8221; width_phone=&#8221;95%&#8221; width_last_edited=&#8221;on|phone&#8221; max_width_tablet=&#8221;&#8221; max_width_phone=&#8221;none&#8221; max_width_last_edited=&#8221;on|phone&#8221; custom_padding_tablet=&#8221;&#8221; custom_padding_phone=&#8221;||0px||false|false&#8221; global_colors_info=&#8221;{}&#8221;][et_pb_column type=&#8221;4_4&#8243; _builder_version=&#8221;4.27.4&#8243; _module_preset=&#8221;default&#8221; global_colors_info=&#8221;{}&#8221;][et_pb_code _builder_version=&#8221;4.27.4&#8243; _module_preset=&#8221;default&#8221; global_colors_info=&#8221;{}&#8221;]<script><!-- [et_pb_line_break_holder] -->var grouphotels = false;<!-- [et_pb_line_break_holder] -->var widgeturl = \"https:\/\/route-kaleici.rezervasyonal.com\/\";<!-- [et_pb_line_break_holder] -->var defaultadultcount = 2; \/\/ Default Yeti\u015fkin Say\u0131s\u0131<!-- [et_pb_line_break_holder] -->var maxchild = 3; \/\/ Maximum \u00c7ocuk Say\u0131s\u0131<!-- [et_pb_line_break_holder] -->var maxchildage = [ 12, 12]; \/\/ya\u015f aral\u0131\u011f\u0131. var maxchildage = 8; ya\u015f aral\u0131\u011f\u0131 0 - 8 ya\u015f aras\u0131 olacakt\u0131r. <!-- [et_pb_line_break_holder] -->var maxadult = 4; \/\/ Maximum Yeti\u015fkin Say\u0131s\u0131<!-- [et_pb_line_break_holder] -->var mainWidget = true;<!-- [et_pb_line_break_holder] -->var exitWidget = false;<!-- [et_pb_line_break_holder] -->var currency = \"EUR\"; \/\/ Para Birimi <!-- [et_pb_line_break_holder] -->var lang = \"en\"; \/\/ \"tr\" veya \"en\"<!-- [et_pb_line_break_holder] --><\/script><!-- [et_pb_line_break_holder] --><script src=\"https:\/\/www.rezervasyonal.com\/widget\/widgetbar\/assets\/widget.js\"><\/script><!-- [et_pb_line_break_holder] --><\/p>\n<div id=\"elektraweb-widget-area\"><\/div>\n<p><!-- [et_pb_line_break_holder] -->[\/et_pb_code][\/et_pb_column][\/et_pb_row][\/et_pb_section]<\/p>\n","protected":false},"excerpt":{"rendered":"<p>ROUTE HOTEL KALE\u0130\u00c7\u0130<\/p>\n","protected":false},"author":1,"featured_media":0,"parent":0,"menu_order":0,"comment_status":"closed","ping_status":"closed","template":"","meta":{"_et_pb_use_builder":"on","_et_pb_old_content":"","_et_gb_content_width":"","footnotes":""},"class_list":["post-692","page","type-page","status-publish","hentry"],"_links":{"self":[{"href":"https:\/\/routehotelkaleici.com\/en\/wp-json\/wp\/v2\/pages\/692","targetHints":{"allow":["GET"]}}],"collection":[{"href":"https:\/\/routehotelkaleici.com\/en\/wp-json\/wp\/v2\/pages"}],"about":[{"href":"https:\/\/routehotelkaleici.com\/en\/wp-json\/wp\/v2\/types\/page"}],"author":[{"embeddable":true,"href":"https:\/\/routehotelkaleici.com\/en\/wp-json\/wp\/v2\/users\/1"}],"replies":[{"embeddable":true,"href":"https:\/\/routehotelkaleici.com\/en\/wp-json\/wp\/v2\/comments?post=692"}],"version-history":[{"count":6,"href":"https:\/\/routehotelkaleici.com\/en\/wp-json\/wp\/v2\/pages\/692\/revisions"}],"predecessor-version":[{"id":883,"href":"https:\/\/routehotelkaleici.com\/en\/wp-json\/wp\/v2\/pages\/692\/revisions\/883"}],"wp:attachment":[{"href":"https:\/\/routehotelkaleici.com\/en\/wp-json\/wp\/v2\/media?parent=692"}],"curies":[{"name":"wp","href":"https:\/\/api.w.org\/{rel}","templated":true}]}}